{"id":109,"date":"2022-05-10T13:42:55","date_gmt":"2022-05-10T13:42:55","guid":{"rendered":"https:\/\/www.rubirock.cat\/?page_id=109"},"modified":"2024-10-14T11:22:01","modified_gmt":"2024-10-14T11:22:01","slug":"quin-son-els-nostres-objectius","status":"publish","type":"page","link":"https:\/\/www.rubirock.cat\/index.php\/quin-son-els-nostres-objectius\/","title":{"rendered":"Quins s\u00f3n els nostres objectius?"},"content":{"rendered":"\n<p>Els nostres objectius s\u00f3n la programaci\u00f3 de cicles estables de concerts aixi com les diferents edicions del Festival <strong>Rub\u00ed Rock<\/strong>. Volem donar espai als m\u00fasics i que la ciutadania pugui gaudir d&#8217;espectacles culturals de m\u00fasica en viu, potenciant l&#8217;agenda cultural de la ciutat i col\u00b7laborar amb les diferents cultures musicals i associacions de la ciutat.<\/p>\n\n\n\n<p>Consulta les dades de la nostra entitat  <a href=\"https:\/\/justicia.gencat.cat\/ca\/serveis\/guia_d_entitats\/?idEntitat=8858#1\">aqu\u00ed<\/a><\/p>\n","protected":false},"excerpt":{"rendered":"<p>Els nostres objectius s\u00f3n la programaci\u00f3 de cicles estables de concerts aixi com les diferents edicions del Festival Rub\u00ed Rock. Volem donar espai als m\u00fasics i que la ciutadania pugui &hellip; <\/p>\n<p class=\"link-more\"><a href=\"https:\/\/www.rubirock.cat\/index.php\/quin-son-els-nostres-objectius\/\" class=\"more-link\">Continua llegint <span class=\"screen-reader-text\">\u00abQuins s\u00f3n els nostres objectius?\u00bb<\/span><\/a><\/p>\n","protected":false},"author":1,"featured_media":73,"parent":0,"menu_order":0,"comment_status":"closed","ping_status":"closed","template":"","meta":{"footnotes":""},"class_list":["post-109","page","type-page","status-publish","has-post-thumbnail","hentry"],"_links":{"self":[{"href":"https:\/\/www.rubirock.cat\/index.php\/wp-json\/wp\/v2\/pages\/109","targetHints":{"allow":["GET"]}}],"collection":[{"href":"https:\/\/www.rubirock.cat\/index.php\/wp-json\/wp\/v2\/pages"}],"about":[{"href":"https:\/\/www.rubirock.cat\/index.php\/wp-json\/wp\/v2\/types\/page"}],"author":[{"embeddable":true,"href":"https:\/\/www.rubirock.cat\/index.php\/wp-json\/wp\/v2\/users\/1"}],"replies":[{"embeddable":true,"href":"https:\/\/www.rubirock.cat\/index.php\/wp-json\/wp\/v2\/comments?post=109"}],"version-history":[{"count":5,"href":"https:\/\/www.rubirock.cat\/index.php\/wp-json\/wp\/v2\/pages\/109\/revisions"}],"predecessor-version":[{"id":8126,"href":"https:\/\/www.rubirock.cat\/index.php\/wp-json\/wp\/v2\/pages\/109\/revisions\/8126"}],"wp:featuredmedia":[{"embeddable":true,"href":"https:\/\/www.rubirock.cat\/index.php\/wp-json\/wp\/v2\/media\/73"}],"wp:attachment":[{"href":"https:\/\/www.rubirock.cat\/index.php\/wp-json\/wp\/v2\/media?parent=109"}],"curies":[{"name":"wp","href":"https:\/\/api.w.org\/{rel}","templated":true}]}}